{"id":11686,"date":"2023-06-15T14:50:04","date_gmt":"2023-06-15T12:50:04","guid":{"rendered":"https:\/\/assicurazionipotenza.it\/?page_id=11686"},"modified":"2023-06-15T14:50:04","modified_gmt":"2023-06-15T12:50:04","slug":"kfz-versicherungen","status":"publish","type":"page","link":"https:\/\/assicurazionipotenza.it\/de\/kfz-versicherungen\/","title":{"rendered":"Kfz-Versicherungen"},"content":{"rendered":"[vc_row type=&#8220;full_width_background&#8220; full_screen_row_position=&#8220;middle&#8220; column_margin=&#8220;default&#8220; equal_height=&#8220;yes&#8220; content_placement=&#8220;bottom&#8220; column_direction=&#8220;default&#8220; column_direction_tablet=&#8220;default&#8220; column_direction_phone=&#8220;default&#8220; bg_color=&#8220;#ffffff&#8220; bg_image=&#8220;5951&#8243; bg_position=&#8220;center top&#8220; background_image_loading=&#8220;default&#8220; bg_repeat=&#8220;no-repeat&#8220; scene_position=&#8220;center&#8220; top_padding=&#8220;15%&#8220; bottom_padding=&#8220;13%&#8220; text_color=&#8220;light&#8220; text_align=&#8220;left&#8220; row_border_radius=&#8220;none&#8220; row_border_radius_applies=&#8220;bg&#8220; overflow=&#8220;visible&#8220; overlay_strength=&#8220;0.3&#8243; gradient_direction=&#8220;left_to_right&#8220; shape_divider_position=&#8220;bottom&#8220; shape_divider_height=&#8220;350&#8243; bg_image_animation=&#8220;fade-in&#8220; parallax_bg=&#8220;true&#8220; parallax_bg_speed=&#8220;fast&#8220; shape_type=&#8220;mountains&#8220; gradient_type=&#8220;default&#8220;][vc_column column_padding=&#8220;no-extra-padding&#8220; column_padding_tablet=&#8220;inherit&#8220; column_padding_phone=&#8220;inherit&#8220; column_padding_position=&#8220;all&#8220; column_element_direction_desktop=&#8220;default&#8220; column_element_spacing=&#8220;default&#8220; desktop_text_alignment=&#8220;default&#8220; tablet_text_alignment=&#8220;default&#8220; phone_text_alignment=&#8220;default&#8220; background_color_opacity=&#8220;1&#8243; background_hover_color_opacity=&#8220;1&#8243; column_backdrop_filter=&#8220;none&#8220; column_shadow=&#8220;none&#8220; column_border_radius=&#8220;none&#8220; column_link_target=&#8220;_self&#8220; column_position=&#8220;default&#8220; gradient_direction=&#8220;left_to_right&#8220; overlay_strength=&#8220;0.3&#8243; width=&#8220;1\/2&#8243; tablet_width_inherit=&#8220;default&#8220; animation_type=&#8220;default&#8220; bg_image_animation=&#8220;none&#8220; border_type=&#8220;simple&#8220; column_border_width=&#8220;none&#8220; column_border_style=&#8220;solid&#8220;][split_line_heading animation_type=&#8220;default&#8220;]\n<h1>Kfz-Versicherungen: UnipolSai Km &amp; Servizi Auto<\/h1>\n[\/split_line_heading][split_line_heading animation_type=&#8220;default&#8220;]\n<h2>Kfz-Versicherungen: UnipolSai Km&amp;Servizi Auto ist nicht nur eine Kfz-Versicherung, sie kombiniert Leistbarkeit, umfassende Abdeckung, stetige Betreuung und Sicherheit durch Satellitentechnik.<\/h2>\n[\/split_line_heading][\/vc_column][vc_column column_padding=&#8220;no-extra-padding&#8220; column_padding_tablet=&#8220;inherit&#8220; column_padding_phone=&#8220;inherit&#8220; column_padding_position=&#8220;all&#8220; column_element_direction_desktop=&#8220;default&#8220; column_element_spacing=&#8220;default&#8220; desktop_text_alignment=&#8220;default&#8220; tablet_text_alignment=&#8220;default&#8220; phone_text_alignment=&#8220;default&#8220; background_color_opacity=&#8220;1&#8243; background_hover_color_opacity=&#8220;1&#8243; column_backdrop_filter=&#8220;none&#8220; column_shadow=&#8220;none&#8220; column_border_radius=&#8220;none&#8220; column_link_target=&#8220;_self&#8220; column_position=&#8220;default&#8220; gradient_direction=&#8220;left_to_right&#8220; overlay_strength=&#8220;0.3&#8243; width=&#8220;1\/2&#8243; tablet_width_inherit=&#8220;default&#8220; animation_type=&#8220;default&#8220; bg_image_animation=&#8220;none&#8220; border_type=&#8220;simple&#8220; column_border_width=&#8220;none&#8220; column_border_style=&#8220;solid&#8220;][\/vc_column][\/vc_row][vc_row type=&#8220;in_container&#8220; full_screen_row_position=&#8220;middle&#8220; column_margin=&#8220;default&#8220; column_direction=&#8220;default&#8220; column_direction_tablet=&#8220;default&#8220; column_direction_phone=&#8220;default&#8220; scene_position=&#8220;center&#8220; top_padding=&#8220;7%&#8220; text_color=&#8220;dark&#8220; text_align=&#8220;left&#8220; row_border_radius=&#8220;none&#8220; row_border_radius_applies=&#8220;bg&#8220; overflow=&#8220;visible&#8220; overlay_strength=&#8220;0.3&#8243; gradient_direction=&#8220;left_to_right&#8220; shape_divider_position=&#8220;bottom&#8220; bg_image_animation=&#8220;none&#8220; shape_type=&#8220;&#8220;][vc_column column_padding=&#8220;no-extra-padding&#8220; column_padding_tablet=&#8220;inherit&#8220; column_padding_phone=&#8220;inherit&#8220; column_padding_position=&#8220;all&#8220; column_element_direction_desktop=&#8220;default&#8220; column_element_spacing=&#8220;default&#8220; centered_text=&#8220;true&#8220; desktop_text_alignment=&#8220;default&#8220; tablet_text_alignment=&#8220;default&#8220; phone_text_alignment=&#8220;default&#8220; background_color_opacity=&#8220;1&#8243; background_hover_color_opacity=&#8220;1&#8243; column_backdrop_filter=&#8220;none&#8220; column_shadow=&#8220;none&#8220; column_border_radius=&#8220;none&#8220; column_link_target=&#8220;_self&#8220; column_position=&#8220;default&#8220; gradient_direction=&#8220;left_to_right&#8220; overlay_strength=&#8220;0.3&#8243; width=&#8220;1\/1&#8243; tablet_width_inherit=&#8220;default&#8220; animation_type=&#8220;default&#8220; bg_image_animation=&#8220;none&#8220; border_type=&#8220;simple&#8220; column_border_width=&#8220;none&#8220; column_border_style=&#8220;solid&#8220; column_padding_type=&#8220;default&#8220; gradient_type=&#8220;default&#8220;][split_line_heading animation_type=&#8220;default&#8220;]\n<h2 style=\"text-align: center;\">Kfz-Versicherungen von UnipolSai: Immer einen Schritt voraus<\/h2>\n<p style=\"text-align: center;\">UnipolSai ist die Nummer 1, wenn es um Kfz-Versicherungen in Italien geht. So verf\u00fcgt man \u00fcber ein Netzwerk von 8.500 Agenturen, zehn Millionen Kunden und \u00fcber vier Millionen Blackboxes, die sogenannten Uniboxes. Gute Gr\u00fcnde, sich f\u00fcr die Kfz-Versicherung UnipolSai Km&amp;Servizi zu entscheiden. Und wir liefern Ihnen noch ein paar:<\/p>\n[\/split_line_heading][\/vc_column][\/vc_row][vc_row type=&#8220;in_container&#8220; full_screen_row_position=&#8220;middle&#8220; column_margin=&#8220;40px&#8220; equal_height=&#8220;yes&#8220; column_direction=&#8220;default&#8220; column_direction_tablet=&#8220;default&#8220; column_direction_phone=&#8220;default&#8220; scene_position=&#8220;center&#8220; top_padding=&#8220;7%&#8220; text_color=&#8220;dark&#8220; text_align=&#8220;left&#8220; row_border_radius=&#8220;none&#8220; row_border_radius_applies=&#8220;bg&#8220; overflow=&#8220;visible&#8220; overlay_strength=&#8220;0.3&#8243; gradient_direction=&#8220;left_to_right&#8220; shape_divider_position=&#8220;bottom&#8220; bg_image_animation=&#8220;none&#8220; shape_type=&#8220;&#8220;][vc_column column_padding=&#8220;no-extra-padding&#8220; column_padding_tablet=&#8220;inherit&#8220; column_padding_phone=&#8220;inherit&#8220; column_padding_position=&#8220;all&#8220; top_margin=&#8220;3%&#8220; bottom_margin=&#8220;5%&#8220; column_element_direction_desktop=&#8220;default&#8220; column_element_spacing=&#8220;default&#8220; desktop_text_alignment=&#8220;default&#8220; tablet_text_alignment=&#8220;default&#8220; phone_text_alignment=&#8220;default&#8220; background_color_opacity=&#8220;1&#8243; background_hover_color_opacity=&#8220;1&#8243; column_backdrop_filter=&#8220;none&#8220; column_shadow=&#8220;none&#8220; column_border_radius=&#8220;none&#8220; column_link_target=&#8220;_self&#8220; column_position=&#8220;default&#8220; gradient_direction=&#8220;left_to_right&#8220; overlay_strength=&#8220;0.3&#8243; width=&#8220;1\/3&#8243; tablet_width_inherit=&#8220;default&#8220; animation_type=&#8220;default&#8220; bg_image_animation=&#8220;none&#8220; border_type=&#8220;simple&#8220; column_border_width=&#8220;none&#8220; column_border_style=&#8220;solid&#8220;]<div class=\"iwithtext\"><div class=\"iwt-icon\"> <i class=\"icon-default-style fa fa-eur extra-color-1\"><\/i> <\/div><div class=\"iwt-text\"> \n<div class=\"tpd_title_text_wrapper \"><span style=\"color: #f7ae3f;\"><strong>Sofort sparen<\/strong><\/span><\/div>\n<div class=\"tpd_description_text_wrapper\">Mit der Unibox zahlen Sie auf der Grundlage der gefahrenen Kilometer.<\/div>\n <\/div><div class=\"clear\"><\/div><\/div>[\/vc_column][vc_column column_padding=&#8220;no-extra-padding&#8220; column_padding_tablet=&#8220;inherit&#8220; column_padding_phone=&#8220;inherit&#8220; column_padding_position=&#8220;all&#8220; top_margin=&#8220;3%&#8220; bottom_margin=&#8220;5%&#8220; column_element_direction_desktop=&#8220;default&#8220; column_element_spacing=&#8220;default&#8220; desktop_text_alignment=&#8220;default&#8220; tablet_text_alignment=&#8220;default&#8220; phone_text_alignment=&#8220;default&#8220; background_color_opacity=&#8220;1&#8243; background_hover_color_opacity=&#8220;1&#8243; column_backdrop_filter=&#8220;none&#8220; column_shadow=&#8220;none&#8220; column_border_radius=&#8220;none&#8220; column_link_target=&#8220;_self&#8220; column_position=&#8220;default&#8220; gradient_direction=&#8220;left_to_right&#8220; overlay_strength=&#8220;0.3&#8243; width=&#8220;1\/3&#8243; tablet_width_inherit=&#8220;default&#8220; animation_type=&#8220;default&#8220; bg_image_animation=&#8220;none&#8220; border_type=&#8220;simple&#8220; column_border_width=&#8220;none&#8220; column_border_style=&#8220;solid&#8220;]<div class=\"iwithtext\"><div class=\"iwt-icon\"> <i class=\"icon-default-style fa fa-car extra-color-1\"><\/i> <\/div><div class=\"iwt-text\"> \n<div class=\"tpd_title_text_wrapper \"><span style=\"color: #f7ae3f;\"><strong>Pannendienst<\/strong><\/span><\/div>\n<div class=\"tpd_title_text_wrapper \">Wir sind im Notfall rund um die Uhr f\u00fcr Sie da.<\/div>\n <\/div><div class=\"clear\"><\/div><\/div>[\/vc_column][vc_column column_padding=&#8220;no-extra-padding&#8220; column_padding_tablet=&#8220;inherit&#8220; column_padding_phone=&#8220;inherit&#8220; column_padding_position=&#8220;all&#8220; top_margin=&#8220;3%&#8220; bottom_margin=&#8220;5%&#8220; column_element_direction_desktop=&#8220;default&#8220; column_element_spacing=&#8220;default&#8220; desktop_text_alignment=&#8220;default&#8220; tablet_text_alignment=&#8220;default&#8220; phone_text_alignment=&#8220;default&#8220; background_color_opacity=&#8220;1&#8243; background_hover_color_opacity=&#8220;1&#8243; column_backdrop_filter=&#8220;none&#8220; column_shadow=&#8220;none&#8220; column_border_radius=&#8220;none&#8220; column_link_target=&#8220;_self&#8220; column_position=&#8220;default&#8220; gradient_direction=&#8220;left_to_right&#8220; overlay_strength=&#8220;0.3&#8243; width=&#8220;1\/3&#8243; tablet_width_inherit=&#8220;default&#8220; animation_type=&#8220;default&#8220; bg_image_animation=&#8220;none&#8220; border_type=&#8220;simple&#8220; column_border_width=&#8220;none&#8220; column_border_style=&#8220;solid&#8220;]<div class=\"iwithtext\"><div class=\"iwt-icon\"> <i class=\"icon-default-style fa fa-mobile extra-color-1\"><\/i> <\/div><div class=\"iwt-text\"> \n<div class=\"tpd_title_text_wrapper \"><span style=\"color: #f7ae3f;\"><strong>APP<\/strong><\/span><\/div>\n<div class=\"tpd_title_text_wrapper \">\u00dcber die App k\u00f6nnen sie nicht nur einen Abschleppwagen rufen, sondern dessen Fahrt zu Ihnen auch in Echtzeit verfolgen \u2013 und vieles mehr.<\/div>\n <\/div><div class=\"clear\"><\/div><\/div>[\/vc_column][\/vc_row][vc_row type=&#8220;in_container&#8220; full_screen_row_position=&#8220;middle&#8220; column_margin=&#8220;40px&#8220; equal_height=&#8220;yes&#8220; content_placement=&#8220;top&#8220; column_direction=&#8220;default&#8220; column_direction_tablet=&#8220;default&#8220; column_direction_phone=&#8220;default&#8220; scene_position=&#8220;center&#8220; bottom_padding=&#8220;7%&#8220; text_color=&#8220;dark&#8220; text_align=&#8220;left&#8220; row_border_radius=&#8220;none&#8220; row_border_radius_applies=&#8220;bg&#8220; overflow=&#8220;visible&#8220; overlay_strength=&#8220;0.3&#8243; gradient_direction=&#8220;left_to_right&#8220; shape_divider_position=&#8220;bottom&#8220; bg_image_animation=&#8220;none&#8220; shape_type=&#8220;&#8220;][vc_column column_padding=&#8220;no-extra-padding&#8220; column_padding_tablet=&#8220;inherit&#8220; column_padding_phone=&#8220;inherit&#8220; column_padding_position=&#8220;all&#8220; column_element_direction_desktop=&#8220;default&#8220; column_element_spacing=&#8220;default&#8220; desktop_text_alignment=&#8220;default&#8220; tablet_text_alignment=&#8220;default&#8220; phone_text_alignment=&#8220;default&#8220; background_color_opacity=&#8220;1&#8243; background_hover_color_opacity=&#8220;1&#8243; column_backdrop_filter=&#8220;none&#8220; column_shadow=&#8220;none&#8220; column_border_radius=&#8220;none&#8220; column_link_target=&#8220;_self&#8220; column_position=&#8220;default&#8220; gradient_direction=&#8220;left_to_right&#8220; overlay_strength=&#8220;0.3&#8243; width=&#8220;1\/3&#8243; tablet_width_inherit=&#8220;default&#8220; animation_type=&#8220;default&#8220; bg_image_animation=&#8220;none&#8220; border_type=&#8220;simple&#8220; column_border_width=&#8220;none&#8220; column_border_style=&#8220;solid&#8220;]<div class=\"iwithtext\"><div class=\"iwt-icon\"> <i class=\"icon-default-style fa fa-simplybuilt extra-color-1\"><\/i> <\/div><div class=\"iwt-text\"> \n<div class=\"tpd_title_text_wrapper \"><span style=\"color: #f7ae3f;\"><strong>UNIBOX<\/strong><\/span><\/div>\n<div class=\"tpd_title_text_wrapper \">Mit der Unibox haben Sie Zugriff auf individuelle Dienstleistungen und Betreuung.<\/div>\n <\/div><div class=\"clear\"><\/div><\/div>[\/vc_column][vc_column column_padding=&#8220;no-extra-padding&#8220; column_padding_tablet=&#8220;inherit&#8220; column_padding_phone=&#8220;inherit&#8220; column_padding_position=&#8220;all&#8220; bottom_margin=&#8220;5%&#8220; column_element_direction_desktop=&#8220;default&#8220; column_element_spacing=&#8220;default&#8220; desktop_text_alignment=&#8220;default&#8220; tablet_text_alignment=&#8220;default&#8220; phone_text_alignment=&#8220;default&#8220; background_color_opacity=&#8220;1&#8243; background_hover_color_opacity=&#8220;1&#8243; column_backdrop_filter=&#8220;none&#8220; column_shadow=&#8220;none&#8220; column_border_radius=&#8220;none&#8220; column_link_target=&#8220;_self&#8220; column_position=&#8220;default&#8220; gradient_direction=&#8220;left_to_right&#8220; overlay_strength=&#8220;0.3&#8243; width=&#8220;1\/3&#8243; tablet_width_inherit=&#8220;default&#8220; animation_type=&#8220;default&#8220; bg_image_animation=&#8220;none&#8220; border_type=&#8220;simple&#8220; column_border_width=&#8220;none&#8220; column_border_style=&#8220;solid&#8220;]<div class=\"iwithtext\"><div class=\"iwt-icon\"> <i class=\"icon-default-style fa fa-calculator extra-color-1\"><\/i> <\/div><div class=\"iwt-text\"> \n<div class=\"tpd_title_text_wrapper \"><span style=\"color: #f7ae3f;\"><strong>Nullzins<\/strong><\/span><\/div>\n<div class=\"tpd_description_text_wrapper\">Sie k\u00f6nnen Ihre Versicherungspr\u00e4mie in zehn Monatsraten zahlen \u2013 ganz ohne Zinsen.<\/div>\n <\/div><div class=\"clear\"><\/div><\/div>[\/vc_column][vc_column column_padding=&#8220;no-extra-padding&#8220; column_padding_tablet=&#8220;inherit&#8220; column_padding_phone=&#8220;inherit&#8220; column_padding_position=&#8220;all&#8220; bottom_margin=&#8220;5%&#8220; column_element_direction_desktop=&#8220;default&#8220; column_element_spacing=&#8220;default&#8220; desktop_text_alignment=&#8220;default&#8220; tablet_text_alignment=&#8220;default&#8220; phone_text_alignment=&#8220;default&#8220; background_color_opacity=&#8220;1&#8243; background_hover_color_opacity=&#8220;1&#8243; column_backdrop_filter=&#8220;none&#8220; column_shadow=&#8220;none&#8220; column_border_radius=&#8220;none&#8220; column_link_target=&#8220;_self&#8220; column_position=&#8220;default&#8220; gradient_direction=&#8220;left_to_right&#8220; overlay_strength=&#8220;0.3&#8243; width=&#8220;1\/3&#8243; tablet_width_inherit=&#8220;default&#8220; animation_type=&#8220;default&#8220; bg_image_animation=&#8220;none&#8220; border_type=&#8220;simple&#8220; column_border_width=&#8220;none&#8220; column_border_style=&#8220;solid&#8220;]<div class=\"iwithtext\"><div class=\"iwt-icon\"> <i class=\"icon-default-style steadysets-icon-bones extra-color-1\"><\/i> <\/div><div class=\"iwt-text\"> \n<div class=\"tpd_title_text_wrapper \"><span style=\"color: #f7ae3f;\"><strong>Schnelle Reparaturen<\/strong><\/span><\/div>\n<div class=\"tpd_title_text_wrapper \">Reparaturen gibt\u2019s schnell und g\u00fcnstig dank Netzwerken wie Auto Presto&amp;Bene und MyGlass.<\/div>\n <\/div><div class=\"clear\"><\/div><\/div>[\/vc_column][\/vc_row][vc_row type=&#8220;in_container&#8220; full_screen_row_position=&#8220;middle&#8220; column_margin=&#8220;default&#8220; column_direction=&#8220;default&#8220; column_direction_tablet=&#8220;default&#8220; column_direction_phone=&#8220;default&#8220; bg_color=&#8220;#f1f1f1&#8243; scene_position=&#8220;center&#8220; top_padding=&#8220;3%&#8220; text_color=&#8220;dark&#8220; text_align=&#8220;left&#8220; row_border_radius=&#8220;none&#8220; row_border_radius_applies=&#8220;bg&#8220; overflow=&#8220;visible&#8220; overlay_strength=&#8220;0.3&#8243; gradient_direction=&#8220;left_to_right&#8220; shape_divider_position=&#8220;bottom&#8220; bg_image_animation=&#8220;none&#8220; shape_type=&#8220;&#8220;][vc_column column_padding=&#8220;padding-5-percent&#8220; column_padding_tablet=&#8220;inherit&#8220; column_padding_phone=&#8220;inherit&#8220; column_padding_position=&#8220;all&#8220; column_element_direction_desktop=&#8220;default&#8220; column_element_spacing=&#8220;default&#8220; desktop_text_alignment=&#8220;default&#8220; tablet_text_alignment=&#8220;default&#8220; phone_text_alignment=&#8220;default&#8220; background_color_opacity=&#8220;1&#8243; background_hover_color_opacity=&#8220;1&#8243; column_backdrop_filter=&#8220;none&#8220; column_shadow=&#8220;none&#8220; column_border_radius=&#8220;none&#8220; column_link_target=&#8220;_self&#8220; column_position=&#8220;default&#8220; gradient_direction=&#8220;left_to_right&#8220; overlay_strength=&#8220;0.3&#8243; width=&#8220;1\/1&#8243; tablet_width_inherit=&#8220;default&#8220; animation_type=&#8220;default&#8220; bg_image_animation=&#8220;none&#8220; border_type=&#8220;simple&#8220; column_border_width=&#8220;none&#8220; column_border_style=&#8220;solid&#8220;][split_line_heading animation_type=&#8220;default&#8220;]\n<h2 style=\"text-align: center;\"><strong>Die wichtigsten Versicherungsleistungen**<\/strong><\/h2>\n[\/split_line_heading][vc_column_text]\n<p style=\"text-align: center;\">Hier erkl\u00e4ren wir Ihnen jene Zusatzleistungen, die von unseren Kunden am h\u00e4ufigsten zur gesetzlich vorgeschrieben Kfz-Versicherung nachgefragt werden.<\/p>\n[\/vc_column_text][toggles style=&#8220;minimal&#8220;][toggle color=&#8220;Accent-Color&#8220; heading_tag=&#8220;default&#8220; heading_tag_functionality=&#8220;default&#8220; title=&#8220;Brand, Diebstahl und Raub&#8220;][vc_column_text]Wir decken Sch\u00e4den, die durch Brand, Blitzschlag oder die Explosion des Treibstofftanks verursacht werden, selbst wenn sie von Dritten vors\u00e4tzlich herbeigef\u00fchrt werden. Zudem decken wir Sch\u00e4den, die durch Diebstahl oder Raub Ihres Fahrzeugs entstehen \u2013 selbst bei versuchtem Diebstahl bzw. Raub. Und auch Sch\u00e4den, die durch Diebstahl oder Raub von Gegenst\u00e4nden im Auto entstehen, deckt die Versicherung.[\/vc_column_text][\/toggle][toggle color=&#8220;Accent-Color&#8220; heading_tag=&#8220;default&#8220; heading_tag_functionality=&#8220;default&#8220; title=&#8220;Garantie und Service&#8220;][vc_column_text]So k\u00f6nnen Sie beruhigt sein, auch wenn Sie eine Panne, einen Reifenschaden oder \u00e4hnliches haben \u2013 egal, wo Sie sind.[\/vc_column_text][vc_column_text][\/vc_column_text][\/toggle][toggle color=&#8220;Accent-Color&#8220; heading_tag=&#8220;default&#8220; heading_tag_functionality=&#8220;default&#8220; title=&#8220;Naturereignisse&#8220;][vc_column_text]Wir erstatten Sch\u00e4den an Ihrem Fahrzeug, die durch Naturereignisse verursacht werden, also etwa durch \u00dcberschwemmungen, Hagel, Erdrutsch, umst\u00fcrzende B\u00e4ume, Steinschlag oder Erdbeben.[\/vc_column_text][\/toggle][toggle color=&#8220;Default&#8220; heading_tag=&#8220;default&#8220; heading_tag_functionality=&#8220;default&#8220; title=&#8220;Verletzungen des Fahrers&#8220;][vc_column_text]Wir decken die Kosten f\u00fcr Verletzungen, die der Fahrer w\u00e4hrend der Fahrt erleidet oder dann, wenn das Fahrzeug liegenbleibt.[\/vc_column_text][\/toggle][toggle color=&#8220;Accent-Color&#8220; heading_tag=&#8220;default&#8220; heading_tag_functionality=&#8220;default&#8220; title=&#8220;Glasbruch&#8220;][vc_column_text]Wir erstatten die Kosten zur\u00fcck, die durch die Reparatur oder den Austausch kaputter Scheiben des Autos verursacht werden.[\/vc_column_text][\/toggle][toggle color=&#8220;Accent-Color&#8220; heading_tag=&#8220;default&#8220; heading_tag_functionality=&#8220;default&#8220; title=&#8220;Rechtsschutz&#8220;][vc_column_text]Wir decken die Kosten, die entstehen, wenn es darum geht, die eigenen Interessen vor Gericht oder au\u00dfergerichtlich durchzusetzen.[\/vc_column_text][\/toggle][toggle color=&#8220;Accent-Color&#8220; heading_tag=&#8220;default&#8220; heading_tag_functionality=&#8220;default&#8220; title=&#8220;Verzicht auf Regressanspr\u00fcche&#8220;][vc_column_text]Der Versicherungsschutz gilt auch dann, wenn Sie den Status Ihres Fahrzeugs oder Ihres F\u00fchrerscheins noch nicht geregelt haben.[\/vc_column_text][\/toggle][toggle color=&#8220;Accent-Color&#8220; heading_tag=&#8220;default&#8220; heading_tag_functionality=&#8220;default&#8220; title=&#8220;Mechanische Sch\u00e4den&#8220;][vc_column_text]Wir sch\u00fctzen Ihr Fahrzeug bei einem Motorschaden oder anderen mechanischen Sch\u00e4den.[\/vc_column_text][\/toggle][toggle color=&#8220;Accent-Color&#8220; heading_tag=&#8220;default&#8220; heading_tag_functionality=&#8220;default&#8220; title=&#8220;Konstanter Wert&#8220;][vc_column_text]Sollte Ihr Fahrzeug in den ersten zwei Jahren nach der Zulassung gestohlen oder zerst\u00f6rt werden, erstatten wir den Kaufpreis.[\/vc_column_text][\/toggle][toggle color=&#8220;Accent-Color&#8220; heading_tag=&#8220;default&#8220; heading_tag_functionality=&#8220;default&#8220; title=&#8220;Gesch\u00fctzte Leistungsklasse&#8220;][vc_column_text]Wir halten Ihre Leistungsklasse auch nach der ersten Schadensmeldung unver\u00e4ndert.[\/vc_column_text][\/toggle][toggle color=&#8220;Default&#8220; heading_tag=&#8220;default&#8220; heading_tag_functionality=&#8220;default&#8220; title=&#8220;Reparatur wie neu&#8220;][vc_column_text]Wir reparieren Ihr Fahrzeug ohne R\u00fccksicht auf den Verschlei\u00df von Ersatzteilen.[\/vc_column_text][\/toggle][toggle color=&#8220;Accent-Color&#8220; heading_tag=&#8220;default&#8220; heading_tag_functionality=&#8220;default&#8220; title=&#8220;Zusatzgarantien&#8220;][vc_column_text]Wir decken eine ganze Reihe von Kosten, darunter den Austausch der Schl\u00f6sser bei Verlust des Schl\u00fcssels, Drittsch\u00e4den durch Feuer oder den Zusammensto\u00df mit einem nicht versicherten Fahrzeug.[\/vc_column_text][\/toggle][\/toggles][\/vc_column][\/vc_row]\n","protected":false},"excerpt":{"rendered":"<p>[vc_row type=&#8220;full_width_background&#8220; full_screen_row_position=&#8220;middle&#8220; column_margin=&#8220;default&#8220; equal_height=&#8220;yes&#8220; content_placement=&#8220;bottom&#8220; column_direction=&#8220;default&#8220; column_direction_tablet=&#8220;default&#8220; column_direction_phone=&#8220;default&#8220; bg_color=&#8220;#ffffff&#8220; bg_image=&#8220;5951&#8243; bg_position=&#8220;center top&#8220; background_image_loading=&#8220;default&#8220; bg_repeat=&#8220;no-repeat&#8220; scene_position=&#8220;center&#8220; top_padding=&#8220;15%&#8220; bottom_padding=&#8220;13%&#8220; text_color=&#8220;light&#8220; text_align=&#8220;left&#8220; row_border_radius=&#8220;none&#8220; row_border_radius_applies=&#8220;bg&#8220; overflow=&#8220;visible&#8220; overlay_strength=&#8220;0.3&#8243;&#8230;<\/p>\n","protected":false},"author":7,"featured_media":6511,"parent":0,"menu_order":0,"comment_status":"closed","ping_status":"closed","template":"","meta":{"inline_featured_image":false,"footnotes":""},"class_list":["post-11686","page","type-page","status-publish","has-post-thumbnail"],"publishpress_future_workflow_manual_trigger":{"enabledWorkflows":[]},"_links":{"self":[{"href":"https:\/\/assicurazionipotenza.it\/de\/wp-json\/wp\/v2\/pages\/11686","targetHints":{"allow":["GET"]}}],"collection":[{"href":"https:\/\/assicurazionipotenza.it\/de\/wp-json\/wp\/v2\/pages"}],"about":[{"href":"https:\/\/assicurazionipotenza.it\/de\/wp-json\/wp\/v2\/types\/page"}],"author":[{"embeddable":true,"href":"https:\/\/assicurazionipotenza.it\/de\/wp-json\/wp\/v2\/users\/7"}],"replies":[{"embeddable":true,"href":"https:\/\/assicurazionipotenza.it\/de\/wp-json\/wp\/v2\/comments?post=11686"}],"version-history":[{"count":0,"href":"https:\/\/assicurazionipotenza.it\/de\/wp-json\/wp\/v2\/pages\/11686\/revisions"}],"wp:featuredmedia":[{"embeddable":true,"href":"https:\/\/assicurazionipotenza.it\/de\/wp-json\/wp\/v2\/media\/6511"}],"wp:attachment":[{"href":"https:\/\/assicurazionipotenza.it\/de\/wp-json\/wp\/v2\/media?parent=11686"}],"curies":[{"name":"wp","href":"https:\/\/api.w.org\/{rel}","templated":true}]}}